{"id":4094,"date":"2021-08-31T13:42:48","date_gmt":"2021-08-31T18:42:48","guid":{"rendered":"https:\/\/tornillossanmarcos.com.mx\/inicio\/?post_type=product&#038;p=4094"},"modified":"2022-07-01T08:23:08","modified_gmt":"2022-07-01T13:23:08","slug":"discos-laminados-de-zirconia-4-1-2-skill-pro-grano-40-mercer","status":"publish","type":"product","link":"https:\/\/tornillossanmarcos.com.mx\/inicio\/tienda\/abrasivos\/discos-laminados\/discos-laminados-de-zirconia-4-1-2-skill-pro-grano-40-mercer\/","title":{"rendered":"Discos Laminados de ZIRCONIA 4-1\/2&#8243;  SKILL PRO \/ Grano 40 &#8211; MERCER"},"content":{"rendered":"<h1>Discos Laminados de ZIRCONIA 4-1\/2&#8243; SKILL PRO \/ Grano 40 &#8211; MERCER<\/h1>\n<p>Nuestro <a href=\"https:\/\/tornillossanmarcos.com.mx\/inicio\/etiqueta-producto\/discos-laminados\/\"><strong>discos laminados<\/strong><\/a> de Zirconia cuentan con un grano abrasivo extremadamente resistente de Zirconia. Ellos permanecen afilados durante la duraci\u00f3n de su larga vida lo que es ideal para la remoci\u00f3n de material pesado. Estos discos de usos m\u00faltiples se pueden utilizar para moler, desbarbado, biselado borde, mezcla &amp; acabado.<br \/>\nCaracter\u00edsticas aletas con forma c\u00f3nica en \u00e1ngulo en 10 grados. Tipo 29 Los discos son ideales para contorno y el borde de trabajo. M\u00e1s eficiente cuando se usa entre una 15 grado 25 \u00e1ngulo de grado. Las aletas inclinadas proporcionan una mayor superficie de contacto para un corte m\u00e1s agresivo. Estos discos est\u00e1n destinados discos de prop\u00f3sito general para aplicaciones que no requieren una amplia eliminaci\u00f3n de material.<\/p>\n<h2><strong>Grano de Zirconia de ma\u0301xima calidad.<\/strong><br \/>\nForma T29 ideal para trabajo en contornos y bordes.<\/h2>\n<p><strong>BENEFICIOS<\/strong><\/p>\n<p>Granos de Zirconia de la m\u00e1xima calidad.<br \/>\nT29 forma ideal para el contorno y el borde de trabajo<\/p>\n<p><a href=\"https:\/\/www.mercerindustries.com\/wp-content\/plugins\/download-attachments\/includes\/download.php?id=6773\"><strong>FICHA T\u00c9CNICA<\/strong><\/a><\/p>\n","protected":false},"excerpt":{"rendered":"<h2><img decoding=\"async\" class=\"alignnone wp-image-4066\" src=\"https:\/\/tornillossanmarcos.com.mx\/inicio\/wp-content\/uploads\/2021\/08\/mercer-logo-tornillos-san-marcos.jpg\" alt=\"Logotipo Mercer abrasivos\" width=\"80\" height=\"80\" \/>\u00a0 \u00a0<img decoding=\"async\" class=\"alignnone wp-image-4095\" src=\"https:\/\/tornillossanmarcos.com.mx\/inicio\/wp-content\/uploads\/2021\/08\/SkillPro-rgb-227px-wide.jpg\" alt=\"disco laminado de Zirconia Skill pro mercer\" width=\"167\" height=\"76\" \/><\/h2>\n<h1><strong>Paquete de 10 discos laminados de Zirconia<\/strong><\/h1>\n<p>Grano de <strong>Zirconia<\/strong> de ma\u0301xima calidad.<br \/>\nForma T29 ideal para trabajo en contornos y bordes.<br \/>\nDisponible en alta densidad y densidad esta\u0301ndar.<\/p>\n<p>&nbsp;<\/p>\n<p><strong>BENEFICIOS<br \/>\n<\/strong>Cumple con su trabajo de una muela y un disco de fibra de resina<br \/>\nMejor usado en un 0-15 \u00e1ngulo<br \/>\nEl acero inoxidable no se oxida<\/p>\n<p><a href=\"https:\/\/wa.me\/5214491115427\"><img decoding=\"async\" class=\"alignnone size-full wp-image-4078\" src=\"https:\/\/tornillossanmarcos.com.mx\/inicio\/wp-content\/uploads\/2021\/08\/atencion-a-clientes_whatsapp.png\" alt=\"\" width=\"215\" height=\"58\" \/><\/a><\/p>\n","protected":false},"featured_media":4096,"comment_status":"open","ping_status":"closed","template":"","meta":{"_monsterinsights_skip_tracking":false,"_monsterinsights_sitenote_active":false,"_monsterinsights_sitenote_note":"","_monsterinsights_sitenote_category":0},"product_cat":[280],"product_tag":[236,188,234,237],"class_list":["post-4094","product","type-product","status-publish","has-post-thumbnail","hentry","product_cat-discos-laminados","product_tag-discos-laminados","product_tag-esmeriladora","product_tag-mercer","product_tag-zirconia"],"yoast_head":"<!-- This site is optimized with the Yoast SEO plugin v19.7.1 - https:\/\/yoast.com\/wordpress\/plugins\/seo\/ -->\n<title>Discos Laminados de ZIRCONIA 4-1\/2&quot; SKILL PRO \/ Grano 40 - MERCER - Tornillos y Muelles San Marcos<\/title>\n<meta name=\"description\" content=\"Discos Laminados de ZIRCONIA 4-1\/2&quot; SKILL PRO - MERCER. Tel. 449 974 9393 - ventas5@tornillossanmarcos.com.mx - Envios a todo M\u00e9xico\" \/>\n<meta name=\"robots\" content=\"index, follow, max-snippet:-1, max-image-preview:large, max-video-preview:-1\" \/>\n<link rel=\"canonical\" href=\"https:\/\/tornillossanmarcos.com.mx\/inicio\/tienda\/abrasivos\/discos-laminados\/discos-laminados-de-zirconia-4-1-2-skill-pro-grano-40-mercer\/\" \/>\n<meta property=\"og:locale\" content=\"es_MX\" \/>\n<meta property=\"og:type\" content=\"article\" \/>\n<meta property=\"og:title\" content=\"Discos Laminados de ZIRCONIA 4-1\/2&quot; SKILL PRO \/ Grano 40 - MERCER - Tornillos y Muelles San Marcos\" \/>\n<meta property=\"og:description\" content=\"Discos Laminados de ZIRCONIA 4-1\/2&quot; SKILL PRO - MERCER. Tel. 449 974 9393 - ventas5@tornillossanmarcos.com.mx - Envios a todo M\u00e9xico\" \/>\n<meta property=\"og:url\" content=\"https:\/\/tornillossanmarcos.com.mx\/inicio\/tienda\/abrasivos\/discos-laminados\/discos-laminados-de-zirconia-4-1-2-skill-pro-grano-40-mercer\/\" \/>\n<meta property=\"og:site_name\" content=\"Tornillos y Muelles San Marcos\" \/>\n<meta property=\"article:publisher\" content=\"https:\/\/www.facebook.com\/TornillosSanMarcosAgs\/\" \/>\n<meta property=\"article:modified_time\" content=\"2022-07-01T13:23:08+00:00\" \/>\n<meta property=\"og:image\" content=\"https:\/\/tornillossanmarcos.com.mx\/inicio\/wp-content\/uploads\/2021\/08\/338060-v1-a.jpg\" \/>\n\t<meta property=\"og:image:width\" content=\"1200\" \/>\n\t<meta property=\"og:image:height\" content=\"900\" \/>\n\t<meta property=\"og:image:type\" content=\"image\/jpeg\" \/>\n<meta name=\"twitter:card\" content=\"summary\" \/>\n<meta name=\"twitter:label1\" content=\"Tiempo de lectura\" \/>\n\t<meta name=\"twitter:data1\" content=\"1 minuto\" \/>\n<script type=\"application\/ld+json\" class=\"yoast-schema-graph\">{\"@context\":\"https:\/\/schema.org\",\"@graph\":[{\"@type\":\"WebPage\",\"@id\":\"https:\/\/tornillossanmarcos.com.mx\/inicio\/tienda\/abrasivos\/discos-laminados\/discos-laminados-de-zirconia-4-1-2-skill-pro-grano-40-mercer\/\",\"url\":\"https:\/\/tornillossanmarcos.com.mx\/inicio\/tienda\/abrasivos\/discos-laminados\/discos-laminados-de-zirconia-4-1-2-skill-pro-grano-40-mercer\/\",\"name\":\"Discos Laminados de ZIRCONIA 4-1\/2\\\" SKILL PRO \/ Grano 40 - MERCER - Tornillos y Muelles San Marcos\",\"isPartOf\":{\"@id\":\"https:\/\/tornillossanmarcos.com.mx\/inicio\/#website\"},\"datePublished\":\"2021-08-31T18:42:48+00:00\",\"dateModified\":\"2022-07-01T13:23:08+00:00\",\"description\":\"Discos Laminados de ZIRCONIA 4-1\/2\\\" SKILL PRO - MERCER. Tel. 449 974 9393 - ventas5@tornillossanmarcos.com.mx - Envios a todo M\u00e9xico\",\"breadcrumb\":{\"@id\":\"https:\/\/tornillossanmarcos.com.mx\/inicio\/tienda\/abrasivos\/discos-laminados\/discos-laminados-de-zirconia-4-1-2-skill-pro-grano-40-mercer\/#breadcrumb\"},\"inLanguage\":\"es\",\"potentialAction\":[{\"@type\":\"ReadAction\",\"target\":[\"https:\/\/tornillossanmarcos.com.mx\/inicio\/tienda\/abrasivos\/discos-laminados\/discos-laminados-de-zirconia-4-1-2-skill-pro-grano-40-mercer\/\"]}]},{\"@type\":\"BreadcrumbList\",\"@id\":\"https:\/\/tornillossanmarcos.com.mx\/inicio\/tienda\/abrasivos\/discos-laminados\/discos-laminados-de-zirconia-4-1-2-skill-pro-grano-40-mercer\/#breadcrumb\",\"itemListElement\":[{\"@type\":\"ListItem\",\"position\":1,\"name\":\"Portada\",\"item\":\"https:\/\/tornillossanmarcos.com.mx\/inicio\/\"},{\"@type\":\"ListItem\",\"position\":2,\"name\":\"Tienda\",\"item\":\"https:\/\/tornillossanmarcos.com.mx\/inicio\/shop\/\"},{\"@type\":\"ListItem\",\"position\":3,\"name\":\"Discos Laminados de ZIRCONIA 4-1\/2&#8243; SKILL PRO \/ Grano 40 &#8211; MERCER\"}]},{\"@type\":\"WebSite\",\"@id\":\"https:\/\/tornillossanmarcos.com.mx\/inicio\/#website\",\"url\":\"https:\/\/tornillossanmarcos.com.mx\/inicio\/\",\"name\":\"Tornillos y Muelles San Marcos\",\"description\":\"Especialistas en Herramientas e insumos profesional MRO para la Industria\",\"publisher\":{\"@id\":\"https:\/\/tornillossanmarcos.com.mx\/inicio\/#organization\"},\"potentialAction\":[{\"@type\":\"SearchAction\",\"target\":{\"@type\":\"EntryPoint\",\"urlTemplate\":\"https:\/\/tornillossanmarcos.com.mx\/inicio\/?s={search_term_string}\"},\"query-input\":\"required name=search_term_string\"}],\"inLanguage\":\"es\"},{\"@type\":\"Organization\",\"@id\":\"https:\/\/tornillossanmarcos.com.mx\/inicio\/#organization\",\"name\":\"Tornillos y Muelles San Marcos\",\"url\":\"https:\/\/tornillossanmarcos.com.mx\/inicio\/\",\"sameAs\":[\"https:\/\/www.facebook.com\/TornillosSanMarcosAgs\/\"],\"logo\":{\"@type\":\"ImageObject\",\"inLanguage\":\"es\",\"@id\":\"https:\/\/tornillossanmarcos.com.mx\/inicio\/#\/schema\/logo\/image\/\",\"url\":\"https:\/\/tornillossanmarcos.com.mx\/inicio\/wp-content\/uploads\/2015\/06\/tornillos_san_marcos.png\",\"contentUrl\":\"https:\/\/tornillossanmarcos.com.mx\/inicio\/wp-content\/uploads\/2015\/06\/tornillos_san_marcos.png\",\"width\":200,\"height\":97,\"caption\":\"Tornillos y Muelles San Marcos\"},\"image\":{\"@id\":\"https:\/\/tornillossanmarcos.com.mx\/inicio\/#\/schema\/logo\/image\/\"}}]}<\/script>\n<!-- \/ Yoast SEO plugin. -->","yoast_head_json":{"title":"Discos Laminados de ZIRCONIA 4-1\/2\" SKILL PRO \/ Grano 40 - MERCER - Tornillos y Muelles San Marcos","description":"Discos Laminados de ZIRCONIA 4-1\/2\" SKILL PRO - MERCER. Tel. 449 974 9393 - ventas5@tornillossanmarcos.com.mx - Envios a todo M\u00e9xico","robots":{"index":"index","follow":"follow","max-snippet":"max-snippet:-1","max-image-preview":"max-image-preview:large","max-video-preview":"max-video-preview:-1"},"canonical":"https:\/\/tornillossanmarcos.com.mx\/inicio\/tienda\/abrasivos\/discos-laminados\/discos-laminados-de-zirconia-4-1-2-skill-pro-grano-40-mercer\/","og_locale":"es_MX","og_type":"article","og_title":"Discos Laminados de ZIRCONIA 4-1\/2\" SKILL PRO \/ Grano 40 - MERCER - Tornillos y Muelles San Marcos","og_description":"Discos Laminados de ZIRCONIA 4-1\/2\" SKILL PRO - MERCER. Tel. 449 974 9393 - ventas5@tornillossanmarcos.com.mx - Envios a todo M\u00e9xico","og_url":"https:\/\/tornillossanmarcos.com.mx\/inicio\/tienda\/abrasivos\/discos-laminados\/discos-laminados-de-zirconia-4-1-2-skill-pro-grano-40-mercer\/","og_site_name":"Tornillos y Muelles San Marcos","article_publisher":"https:\/\/www.facebook.com\/TornillosSanMarcosAgs\/","article_modified_time":"2022-07-01T13:23:08+00:00","og_image":[{"width":1200,"height":900,"url":"https:\/\/tornillossanmarcos.com.mx\/inicio\/wp-content\/uploads\/2021\/08\/338060-v1-a.jpg","type":"image\/jpeg"}],"twitter_card":"summary","twitter_misc":{"Tiempo de lectura":"1 minuto"},"schema":{"@context":"https:\/\/schema.org","@graph":[{"@type":"WebPage","@id":"https:\/\/tornillossanmarcos.com.mx\/inicio\/tienda\/abrasivos\/discos-laminados\/discos-laminados-de-zirconia-4-1-2-skill-pro-grano-40-mercer\/","url":"https:\/\/tornillossanmarcos.com.mx\/inicio\/tienda\/abrasivos\/discos-laminados\/discos-laminados-de-zirconia-4-1-2-skill-pro-grano-40-mercer\/","name":"Discos Laminados de ZIRCONIA 4-1\/2\" SKILL PRO \/ Grano 40 - MERCER - Tornillos y Muelles San Marcos","isPartOf":{"@id":"https:\/\/tornillossanmarcos.com.mx\/inicio\/#website"},"datePublished":"2021-08-31T18:42:48+00:00","dateModified":"2022-07-01T13:23:08+00:00","description":"Discos Laminados de ZIRCONIA 4-1\/2\" SKILL PRO - MERCER. Tel. 449 974 9393 - ventas5@tornillossanmarcos.com.mx - Envios a todo M\u00e9xico","breadcrumb":{"@id":"https:\/\/tornillossanmarcos.com.mx\/inicio\/tienda\/abrasivos\/discos-laminados\/discos-laminados-de-zirconia-4-1-2-skill-pro-grano-40-mercer\/#breadcrumb"},"inLanguage":"es","potentialAction":[{"@type":"ReadAction","target":["https:\/\/tornillossanmarcos.com.mx\/inicio\/tienda\/abrasivos\/discos-laminados\/discos-laminados-de-zirconia-4-1-2-skill-pro-grano-40-mercer\/"]}]},{"@type":"BreadcrumbList","@id":"https:\/\/tornillossanmarcos.com.mx\/inicio\/tienda\/abrasivos\/discos-laminados\/discos-laminados-de-zirconia-4-1-2-skill-pro-grano-40-mercer\/#breadcrumb","itemListElement":[{"@type":"ListItem","position":1,"name":"Portada","item":"https:\/\/tornillossanmarcos.com.mx\/inicio\/"},{"@type":"ListItem","position":2,"name":"Tienda","item":"https:\/\/tornillossanmarcos.com.mx\/inicio\/shop\/"},{"@type":"ListItem","position":3,"name":"Discos Laminados de ZIRCONIA 4-1\/2&#8243; SKILL PRO \/ Grano 40 &#8211; MERCER"}]},{"@type":"WebSite","@id":"https:\/\/tornillossanmarcos.com.mx\/inicio\/#website","url":"https:\/\/tornillossanmarcos.com.mx\/inicio\/","name":"Tornillos y Muelles San Marcos","description":"Especialistas en Herramientas e insumos profesional MRO para la Industria","publisher":{"@id":"https:\/\/tornillossanmarcos.com.mx\/inicio\/#organization"},"potentialAction":[{"@type":"SearchAction","target":{"@type":"EntryPoint","urlTemplate":"https:\/\/tornillossanmarcos.com.mx\/inicio\/?s={search_term_string}"},"query-input":"required name=search_term_string"}],"inLanguage":"es"},{"@type":"Organization","@id":"https:\/\/tornillossanmarcos.com.mx\/inicio\/#organization","name":"Tornillos y Muelles San Marcos","url":"https:\/\/tornillossanmarcos.com.mx\/inicio\/","sameAs":["https:\/\/www.facebook.com\/TornillosSanMarcosAgs\/"],"logo":{"@type":"ImageObject","inLanguage":"es","@id":"https:\/\/tornillossanmarcos.com.mx\/inicio\/#\/schema\/logo\/image\/","url":"https:\/\/tornillossanmarcos.com.mx\/inicio\/wp-content\/uploads\/2015\/06\/tornillos_san_marcos.png","contentUrl":"https:\/\/tornillossanmarcos.com.mx\/inicio\/wp-content\/uploads\/2015\/06\/tornillos_san_marcos.png","width":200,"height":97,"caption":"Tornillos y Muelles San Marcos"},"image":{"@id":"https:\/\/tornillossanmarcos.com.mx\/inicio\/#\/schema\/logo\/image\/"}}]}},"_links":{"self":[{"href":"https:\/\/tornillossanmarcos.com.mx\/inicio\/wp-json\/wp\/v2\/product\/4094","targetHints":{"allow":["GET"]}}],"collection":[{"href":"https:\/\/tornillossanmarcos.com.mx\/inicio\/wp-json\/wp\/v2\/product"}],"about":[{"href":"https:\/\/tornillossanmarcos.com.mx\/inicio\/wp-json\/wp\/v2\/types\/product"}],"replies":[{"embeddable":true,"href":"https:\/\/tornillossanmarcos.com.mx\/inicio\/wp-json\/wp\/v2\/comments?post=4094"}],"wp:featuredmedia":[{"embeddable":true,"href":"https:\/\/tornillossanmarcos.com.mx\/inicio\/wp-json\/wp\/v2\/media\/4096"}],"wp:attachment":[{"href":"https:\/\/tornillossanmarcos.com.mx\/inicio\/wp-json\/wp\/v2\/media?parent=4094"}],"wp:term":[{"taxonomy":"product_cat","embeddable":true,"href":"https:\/\/tornillossanmarcos.com.mx\/inicio\/wp-json\/wp\/v2\/product_cat?post=4094"},{"taxonomy":"product_tag","embeddable":true,"href":"https:\/\/tornillossanmarcos.com.mx\/inicio\/wp-json\/wp\/v2\/product_tag?post=4094"}],"curies":[{"name":"wp","href":"https:\/\/api.w.org\/{rel}","templated":true}]}}