{"id":4085,"date":"2021-08-31T12:22:15","date_gmt":"2021-08-31T17:22:15","guid":{"rendered":"https:\/\/tornillossanmarcos.com.mx\/inicio\/?post_type=product&#038;p=4085"},"modified":"2022-03-30T14:49:27","modified_gmt":"2022-03-30T20:49:27","slug":"discos-de-corte-4-1-2-reforzado-doble-black-lightning-mercer","status":"publish","type":"product","link":"https:\/\/tornillossanmarcos.com.mx\/inicio\/tienda\/abrasivos\/disco-de-corte\/discos-de-corte-4-1-2-reforzado-doble-black-lightning-mercer\/","title":{"rendered":"Discos de Corte 4-1\/2&#8243;  Reforzado Doble \/ Black Lightning &#8211; MERCER"},"content":{"rendered":"<h1>Discos de Corte 4-1\/2&#8243; Reforzado Doble \/ Black Lightning &#8211; MERCER<\/h1>\n<p>Los <strong>discos de corte<\/strong> de alto rendimiento cuentan con un dise\u00f1o delgado para la limpieza, ranurar y cortar metal y mamposter\u00eda. El corte es suave y sin vibraciones.\u00a0<span class=\"pspo-fdesc-txt\">Doble reforzado para una mayor vida y cortes m\u00e1s r\u00e1pidos. Ideal para un \u00e1ngulo bajo y rectificado verticales.<\/span><\/p>\n<p><strong>CARACTER\u00cdSTICAS<\/strong><br \/>\nEl \u00f3xido de aluminio grano para el corte de metales ferrosos. \u00d3xido de aluminio con tratamiento t\u00e9rmico grano para el corte de metales ferrosos incluyendo el acero inoxidable<br \/>\nDise\u00f1o delgado extra para corte suave y r\u00e1pido.<br \/>\nDoble reforzado con fibra de vidrio exterior de alta resistencia a la tracci\u00f3n.<\/p>\n<p><strong>BENEFICIOS<\/strong><br \/>\nRealiza la labor de un disco de desbaste y un disco de fibra de resina.<br \/>\nGrano afilado de larga vida u\u0301til.<br \/>\nRinde mejor en a\u0301ngulo de 15-25\u00ba.<br \/>\nLos <strong>discos laminados ma\u0301s<\/strong> populares para acero inoxidable y tareas grandes.<\/p>\n<p>Los <strong>discos de corte<\/strong> de alto rendimiento tienen un grano de \u00f3xido de aluminio para cortar metales ferrosos. Su dise\u00f1o extrafino permite un corte suave y r\u00e1pido. La rueda es doble exterior reforzada con fibra de vidrio de alta resistencia a la tracci\u00f3n. Cortes de rueda sin vibraciones ni rebabas. Experimenta un corte r\u00e1pido con menos potencia y disfruta de una larga vida \u00fatil de la rueda con nuestra avanzada formulaci\u00f3n.<\/p>\n<p><strong>Industria:<\/strong> Automotor, Construcci\u00f3n, Sujetadores, Industrial, Marina, Trabajo En Metales, MRO, Plomer\u00eda, Construcci\u00f3n naval<\/p>\n<p><strong>Instrumentos:<\/strong> Cortador \u00e1ngulo, Sierra circular, El molinillo (herramienta de corte)<\/p>\n<p><strong>Mercer Industries<\/strong> es una empresa familiar de 3\u00aa generaci\u00f3n que se construy\u00f3 sobre valores b\u00e1sicos de calidad, rendimiento, entrega, servicio y precio. Fundada en 1968, Mercer Industries ofrece m\u00e1s de 3.000 productos para los mercados de pisos, industriales, automotrices y soldaduras. Mercer, antes conocido como Mercer abrasivos, se compromete a servir a sus clientes y a proporcionar productos de calidad.<\/p>\n","protected":false},"excerpt":{"rendered":"<h2><img decoding=\"async\" class=\"alignnone wp-image-4066\" src=\"https:\/\/tornillossanmarcos.com.mx\/inicio\/wp-content\/uploads\/2021\/08\/mercer-logo-tornillos-san-marcos.jpg\" alt=\"Logotipo Mercer abrasivos\" width=\"80\" height=\"80\" \/> <img decoding=\"async\" class=\"alignnone wp-image-4087\" src=\"https:\/\/tornillossanmarcos.com.mx\/inicio\/wp-content\/uploads\/2021\/08\/black-lightning-logo-rgb-227px-wide.png\" alt=\"Discos de corte Black Lightning Mercer\" width=\"159\" height=\"77\" \/><\/h2>\n<h1><strong>Paquete de 10 discos de corte <\/strong>4-1\/2&#8243; Reforzado Doble \/ Black Lightning<\/h1>\n<p>Los <strong>discos de corte<\/strong> de alto rendimiento tienen un grano de \u00f3xido de aluminio para cortar metales ferrosos. Su dise\u00f1o extrafino permite un corte suave y r\u00e1pido. La rueda es doble exterior reforzada con fibra de vidrio de alta resistencia a la tracci\u00f3n. Cortes de rueda sin vibraciones ni rebabas. Experimenta un corte r\u00e1pido con menos potencia y disfruta de una larga vida \u00fatil de la rueda con nuestra avanzada formulaci\u00f3n.<\/p>\n<p><strong>BENEFICIOS<\/strong><br \/>\nCorte r\u00e1pido en menos de energ\u00eda<br \/>\nCortes sin vibraciones o rebabas<br \/>\nRendimiento de alta calidad en metales, El \u00f3xido de aluminio rueda de metales ferrosos incluyendo acero inoxidable.<\/p>\n<p><strong>Uso de Materiales:<\/strong> Metales ferrosos, Fibra de vidrio, Metal, De metales no ferrosos, Pl\u00e1stica, Acero inoxidable<\/p>\n<p><a href=\"https:\/\/wa.me\/5214491115427\"><img decoding=\"async\" class=\"alignnone size-full wp-image-4078\" src=\"https:\/\/tornillossanmarcos.com.mx\/inicio\/wp-content\/uploads\/2021\/08\/atencion-a-clientes_whatsapp.png\" alt=\"\" width=\"215\" height=\"58\" \/><\/a><\/p>\n","protected":false},"featured_media":4086,"comment_status":"open","ping_status":"closed","template":"","meta":{"_monsterinsights_skip_tracking":false,"_monsterinsights_sitenote_active":false,"_monsterinsights_sitenote_note":"","_monsterinsights_sitenote_category":0},"product_cat":[297,278],"product_tag":[238,188,234],"class_list":["post-4085","product","type-product","status-publish","has-post-thumbnail","hentry","product_cat-mercer","product_cat-disco-de-corte","product_tag-discos-de-corte","product_tag-esmeriladora","product_tag-mercer"],"yoast_head":"<!-- This site is optimized with the Yoast SEO plugin v19.7.1 - https:\/\/yoast.com\/wordpress\/plugins\/seo\/ -->\n<title>Discos de Corte 4-1\/2&quot; Reforzado Doble \/ Black Lightning - MERCER - Tornillos y Muelles San Marcos<\/title>\n<meta name=\"description\" content=\"Discos Laminados de ZIRCONIA 4-1\/2&quot; FLAP DISC - MERCER. Tel. 449 974 9393 - ventas5@tornillossanmarcos.com.mx - Envios a todo M\u00e9xico\" \/>\n<meta name=\"robots\" content=\"index, follow, max-snippet:-1, max-image-preview:large, max-video-preview:-1\" \/>\n<link rel=\"canonical\" href=\"https:\/\/tornillossanmarcos.com.mx\/inicio\/tienda\/abrasivos\/disco-de-corte\/discos-de-corte-4-1-2-reforzado-doble-black-lightning-mercer\/\" \/>\n<meta property=\"og:locale\" content=\"es_MX\" \/>\n<meta property=\"og:type\" content=\"article\" \/>\n<meta property=\"og:title\" content=\"Discos de Corte 4-1\/2&quot; Reforzado Doble \/ Black Lightning - MERCER - Tornillos y Muelles San Marcos\" \/>\n<meta property=\"og:description\" content=\"Discos Laminados de ZIRCONIA 4-1\/2&quot; FLAP DISC - MERCER. Tel. 449 974 9393 - ventas5@tornillossanmarcos.com.mx - Envios a todo M\u00e9xico\" \/>\n<meta property=\"og:url\" content=\"https:\/\/tornillossanmarcos.com.mx\/inicio\/tienda\/abrasivos\/disco-de-corte\/discos-de-corte-4-1-2-reforzado-doble-black-lightning-mercer\/\" \/>\n<meta property=\"og:site_name\" content=\"Tornillos y Muelles San Marcos\" \/>\n<meta property=\"article:publisher\" content=\"https:\/\/www.facebook.com\/TornillosSanMarcosAgs\/\" \/>\n<meta property=\"article:modified_time\" content=\"2022-03-30T20:49:27+00:00\" \/>\n<meta property=\"og:image\" content=\"https:\/\/tornillossanmarcos.com.mx\/inicio\/wp-content\/uploads\/2021\/08\/disco-corte_fino-acero_inoxidable-mercer.jpg\" \/>\n\t<meta property=\"og:image:width\" content=\"1200\" \/>\n\t<meta property=\"og:image:height\" content=\"900\" \/>\n\t<meta property=\"og:image:type\" content=\"image\/jpeg\" \/>\n<meta name=\"twitter:card\" content=\"summary\" \/>\n<meta name=\"twitter:label1\" content=\"Tiempo de lectura\" \/>\n\t<meta name=\"twitter:data1\" content=\"2 minutos\" \/>\n<script type=\"application\/ld+json\" class=\"yoast-schema-graph\">{\"@context\":\"https:\/\/schema.org\",\"@graph\":[{\"@type\":\"WebPage\",\"@id\":\"https:\/\/tornillossanmarcos.com.mx\/inicio\/tienda\/abrasivos\/disco-de-corte\/discos-de-corte-4-1-2-reforzado-doble-black-lightning-mercer\/\",\"url\":\"https:\/\/tornillossanmarcos.com.mx\/inicio\/tienda\/abrasivos\/disco-de-corte\/discos-de-corte-4-1-2-reforzado-doble-black-lightning-mercer\/\",\"name\":\"Discos de Corte 4-1\/2\\\" Reforzado Doble \/ Black Lightning - MERCER - Tornillos y Muelles San Marcos\",\"isPartOf\":{\"@id\":\"https:\/\/tornillossanmarcos.com.mx\/inicio\/#website\"},\"datePublished\":\"2021-08-31T17:22:15+00:00\",\"dateModified\":\"2022-03-30T20:49:27+00:00\",\"description\":\"Discos Laminados de ZIRCONIA 4-1\/2\\\" FLAP DISC - MERCER. Tel. 449 974 9393 - ventas5@tornillossanmarcos.com.mx - Envios a todo M\u00e9xico\",\"breadcrumb\":{\"@id\":\"https:\/\/tornillossanmarcos.com.mx\/inicio\/tienda\/abrasivos\/disco-de-corte\/discos-de-corte-4-1-2-reforzado-doble-black-lightning-mercer\/#breadcrumb\"},\"inLanguage\":\"es\",\"potentialAction\":[{\"@type\":\"ReadAction\",\"target\":[\"https:\/\/tornillossanmarcos.com.mx\/inicio\/tienda\/abrasivos\/disco-de-corte\/discos-de-corte-4-1-2-reforzado-doble-black-lightning-mercer\/\"]}]},{\"@type\":\"BreadcrumbList\",\"@id\":\"https:\/\/tornillossanmarcos.com.mx\/inicio\/tienda\/abrasivos\/disco-de-corte\/discos-de-corte-4-1-2-reforzado-doble-black-lightning-mercer\/#breadcrumb\",\"itemListElement\":[{\"@type\":\"ListItem\",\"position\":1,\"name\":\"Portada\",\"item\":\"https:\/\/tornillossanmarcos.com.mx\/inicio\/\"},{\"@type\":\"ListItem\",\"position\":2,\"name\":\"Tienda\",\"item\":\"https:\/\/tornillossanmarcos.com.mx\/inicio\/shop\/\"},{\"@type\":\"ListItem\",\"position\":3,\"name\":\"Discos de Corte 4-1\/2&#8243; Reforzado Doble \/ Black Lightning &#8211; MERCER\"}]},{\"@type\":\"WebSite\",\"@id\":\"https:\/\/tornillossanmarcos.com.mx\/inicio\/#website\",\"url\":\"https:\/\/tornillossanmarcos.com.mx\/inicio\/\",\"name\":\"Tornillos y Muelles San Marcos\",\"description\":\"Especialistas en Herramientas e insumos profesional MRO para la Industria\",\"publisher\":{\"@id\":\"https:\/\/tornillossanmarcos.com.mx\/inicio\/#organization\"},\"potentialAction\":[{\"@type\":\"SearchAction\",\"target\":{\"@type\":\"EntryPoint\",\"urlTemplate\":\"https:\/\/tornillossanmarcos.com.mx\/inicio\/?s={search_term_string}\"},\"query-input\":\"required name=search_term_string\"}],\"inLanguage\":\"es\"},{\"@type\":\"Organization\",\"@id\":\"https:\/\/tornillossanmarcos.com.mx\/inicio\/#organization\",\"name\":\"Tornillos y Muelles San Marcos\",\"url\":\"https:\/\/tornillossanmarcos.com.mx\/inicio\/\",\"sameAs\":[\"https:\/\/www.facebook.com\/TornillosSanMarcosAgs\/\"],\"logo\":{\"@type\":\"ImageObject\",\"inLanguage\":\"es\",\"@id\":\"https:\/\/tornillossanmarcos.com.mx\/inicio\/#\/schema\/logo\/image\/\",\"url\":\"https:\/\/tornillossanmarcos.com.mx\/inicio\/wp-content\/uploads\/2015\/06\/tornillos_san_marcos.png\",\"contentUrl\":\"https:\/\/tornillossanmarcos.com.mx\/inicio\/wp-content\/uploads\/2015\/06\/tornillos_san_marcos.png\",\"width\":200,\"height\":97,\"caption\":\"Tornillos y Muelles San Marcos\"},\"image\":{\"@id\":\"https:\/\/tornillossanmarcos.com.mx\/inicio\/#\/schema\/logo\/image\/\"}}]}<\/script>\n<!-- \/ Yoast SEO plugin. -->","yoast_head_json":{"title":"Discos de Corte 4-1\/2\" Reforzado Doble \/ Black Lightning - MERCER - Tornillos y Muelles San Marcos","description":"Discos Laminados de ZIRCONIA 4-1\/2\" FLAP DISC - MERCER. Tel. 449 974 9393 - ventas5@tornillossanmarcos.com.mx - Envios a todo M\u00e9xico","robots":{"index":"index","follow":"follow","max-snippet":"max-snippet:-1","max-image-preview":"max-image-preview:large","max-video-preview":"max-video-preview:-1"},"canonical":"https:\/\/tornillossanmarcos.com.mx\/inicio\/tienda\/abrasivos\/disco-de-corte\/discos-de-corte-4-1-2-reforzado-doble-black-lightning-mercer\/","og_locale":"es_MX","og_type":"article","og_title":"Discos de Corte 4-1\/2\" Reforzado Doble \/ Black Lightning - MERCER - Tornillos y Muelles San Marcos","og_description":"Discos Laminados de ZIRCONIA 4-1\/2\" FLAP DISC - MERCER. Tel. 449 974 9393 - ventas5@tornillossanmarcos.com.mx - Envios a todo M\u00e9xico","og_url":"https:\/\/tornillossanmarcos.com.mx\/inicio\/tienda\/abrasivos\/disco-de-corte\/discos-de-corte-4-1-2-reforzado-doble-black-lightning-mercer\/","og_site_name":"Tornillos y Muelles San Marcos","article_publisher":"https:\/\/www.facebook.com\/TornillosSanMarcosAgs\/","article_modified_time":"2022-03-30T20:49:27+00:00","og_image":[{"width":1200,"height":900,"url":"https:\/\/tornillossanmarcos.com.mx\/inicio\/wp-content\/uploads\/2021\/08\/disco-corte_fino-acero_inoxidable-mercer.jpg","type":"image\/jpeg"}],"twitter_card":"summary","twitter_misc":{"Tiempo de lectura":"2 minutos"},"schema":{"@context":"https:\/\/schema.org","@graph":[{"@type":"WebPage","@id":"https:\/\/tornillossanmarcos.com.mx\/inicio\/tienda\/abrasivos\/disco-de-corte\/discos-de-corte-4-1-2-reforzado-doble-black-lightning-mercer\/","url":"https:\/\/tornillossanmarcos.com.mx\/inicio\/tienda\/abrasivos\/disco-de-corte\/discos-de-corte-4-1-2-reforzado-doble-black-lightning-mercer\/","name":"Discos de Corte 4-1\/2\" Reforzado Doble \/ Black Lightning - MERCER - Tornillos y Muelles San Marcos","isPartOf":{"@id":"https:\/\/tornillossanmarcos.com.mx\/inicio\/#website"},"datePublished":"2021-08-31T17:22:15+00:00","dateModified":"2022-03-30T20:49:27+00:00","description":"Discos Laminados de ZIRCONIA 4-1\/2\" FLAP DISC - MERCER. Tel. 449 974 9393 - ventas5@tornillossanmarcos.com.mx - Envios a todo M\u00e9xico","breadcrumb":{"@id":"https:\/\/tornillossanmarcos.com.mx\/inicio\/tienda\/abrasivos\/disco-de-corte\/discos-de-corte-4-1-2-reforzado-doble-black-lightning-mercer\/#breadcrumb"},"inLanguage":"es","potentialAction":[{"@type":"ReadAction","target":["https:\/\/tornillossanmarcos.com.mx\/inicio\/tienda\/abrasivos\/disco-de-corte\/discos-de-corte-4-1-2-reforzado-doble-black-lightning-mercer\/"]}]},{"@type":"BreadcrumbList","@id":"https:\/\/tornillossanmarcos.com.mx\/inicio\/tienda\/abrasivos\/disco-de-corte\/discos-de-corte-4-1-2-reforzado-doble-black-lightning-mercer\/#breadcrumb","itemListElement":[{"@type":"ListItem","position":1,"name":"Portada","item":"https:\/\/tornillossanmarcos.com.mx\/inicio\/"},{"@type":"ListItem","position":2,"name":"Tienda","item":"https:\/\/tornillossanmarcos.com.mx\/inicio\/shop\/"},{"@type":"ListItem","position":3,"name":"Discos de Corte 4-1\/2&#8243; Reforzado Doble \/ Black Lightning &#8211; MERCER"}]},{"@type":"WebSite","@id":"https:\/\/tornillossanmarcos.com.mx\/inicio\/#website","url":"https:\/\/tornillossanmarcos.com.mx\/inicio\/","name":"Tornillos y Muelles San Marcos","description":"Especialistas en Herramientas e insumos profesional MRO para la Industria","publisher":{"@id":"https:\/\/tornillossanmarcos.com.mx\/inicio\/#organization"},"potentialAction":[{"@type":"SearchAction","target":{"@type":"EntryPoint","urlTemplate":"https:\/\/tornillossanmarcos.com.mx\/inicio\/?s={search_term_string}"},"query-input":"required name=search_term_string"}],"inLanguage":"es"},{"@type":"Organization","@id":"https:\/\/tornillossanmarcos.com.mx\/inicio\/#organization","name":"Tornillos y Muelles San Marcos","url":"https:\/\/tornillossanmarcos.com.mx\/inicio\/","sameAs":["https:\/\/www.facebook.com\/TornillosSanMarcosAgs\/"],"logo":{"@type":"ImageObject","inLanguage":"es","@id":"https:\/\/tornillossanmarcos.com.mx\/inicio\/#\/schema\/logo\/image\/","url":"https:\/\/tornillossanmarcos.com.mx\/inicio\/wp-content\/uploads\/2015\/06\/tornillos_san_marcos.png","contentUrl":"https:\/\/tornillossanmarcos.com.mx\/inicio\/wp-content\/uploads\/2015\/06\/tornillos_san_marcos.png","width":200,"height":97,"caption":"Tornillos y Muelles San Marcos"},"image":{"@id":"https:\/\/tornillossanmarcos.com.mx\/inicio\/#\/schema\/logo\/image\/"}}]}},"_links":{"self":[{"href":"https:\/\/tornillossanmarcos.com.mx\/inicio\/wp-json\/wp\/v2\/product\/4085","targetHints":{"allow":["GET"]}}],"collection":[{"href":"https:\/\/tornillossanmarcos.com.mx\/inicio\/wp-json\/wp\/v2\/product"}],"about":[{"href":"https:\/\/tornillossanmarcos.com.mx\/inicio\/wp-json\/wp\/v2\/types\/product"}],"replies":[{"embeddable":true,"href":"https:\/\/tornillossanmarcos.com.mx\/inicio\/wp-json\/wp\/v2\/comments?post=4085"}],"wp:featuredmedia":[{"embeddable":true,"href":"https:\/\/tornillossanmarcos.com.mx\/inicio\/wp-json\/wp\/v2\/media\/4086"}],"wp:attachment":[{"href":"https:\/\/tornillossanmarcos.com.mx\/inicio\/wp-json\/wp\/v2\/media?parent=4085"}],"wp:term":[{"taxonomy":"product_cat","embeddable":true,"href":"https:\/\/tornillossanmarcos.com.mx\/inicio\/wp-json\/wp\/v2\/product_cat?post=4085"},{"taxonomy":"product_tag","embeddable":true,"href":"https:\/\/tornillossanmarcos.com.mx\/inicio\/wp-json\/wp\/v2\/product_tag?post=4085"}],"curies":[{"name":"wp","href":"https:\/\/api.w.org\/{rel}","templated":true}]}}