{"id":74,"date":"2018-08-24T01:25:26","date_gmt":"2018-08-24T01:25:26","guid":{"rendered":"http:\/\/192.168.1.209\/greenfarm\/?page_id=17"},"modified":"2020-05-26T14:43:34","modified_gmt":"2020-05-26T19:43:34","slug":"contacto","status":"publish","type":"page","link":"https:\/\/tornillossanmarcos.com.mx\/inicio\/contacto\/","title":{"rendered":"Contacto"},"content":{"rendered":"<p>[vc_row full_width=&#8221;stretch_row_content_no_spaces&#8221; css=&#8221;.vc_custom_1536559738900{margin-bottom: 60px !important;}&#8221;][vc_column][vc_gmaps link=&#8221;#E-8_JTNDaWZyYW1lJTIwc3JjJTNEJTIyaHR0cHMlM0ElMkYlMkZ3d3cuZ29vZ2xlLmNvbSUyRm1hcHMlMkZlbWJlZCUzRnBiJTNEJTIxMW0xNCUyMTFtOCUyMTFtMyUyMTFkMTQ4MTEuMTMzNDkyNTAxNDE4JTIxMmQtMTAyLjI0MDAzMyUyMTNkMjEuODY1ODklMjEzbTIlMjExaTEwMjQlMjEyaTc2OCUyMTRmMTMuMSUyMTNtMyUyMTFtMiUyMTFzMHgwJTI1M0EweGUwODczZjE1ODM1ODBjNjglMjEyc1Rvcm5pbGxvcyUyNTIwJTI1MjYlMjUyME11ZWxsZXMlMjUyMFNhbiUyNTIwTWFyY29zJTI1MjBTLkEuJTI1MjBEZSUyNTIwQy5WLiUyMTVlMCUyMTNtMiUyMTFzZXMtNDE5JTIxMnNteCUyMTR2MTU4ODYzMzc1NjUyMiUyMTVtMiUyMTFzZXMtNDE5JTIxMnNteCUyMiUyMHdpZHRoJTNEJTIyNjAwJTIyJTIwaGVpZ2h0JTNEJTIyNDUwJTIyJTIwZnJhbWVib3JkZXIlM0QlMjIwJTIyJTIwc3R5bGUlM0QlMjJib3JkZXIlM0EwJTNCJTIyJTIwYWxsb3dmdWxsc2NyZWVuJTNEJTIyJTIyJTIwYXJpYS1oaWRkZW4lM0QlMjJmYWxzZSUyMiUyMHRhYmluZGV4JTNEJTIyMCUyMiUzRSUzQyUyRmlmcmFtZSUzRQ==&#8221;][\/vc_column][\/vc_row][vc_row][vc_column el_class=&#8221;contact-text&#8221; offset=&#8221;vc_col-lg-6 vc_col-md-6&#8243;]<div class=\"heading-title style1 \"><div class=\"heading-title-inner\"><h3><span>Comun\u00edcate con nosotros<\/span><\/h3><\/div><\/div>[vc_column_text]<\/p>\n<div class=\"wpb_text_column wpb_content_element \">\n<div class=\"wpb_wrapper\">\n<p><strong>Cont\u00e1ctanos<\/strong>\u00a0directamente para cotizaciones o consultas, estamos para atenderte.<br \/>\n<strong>D\u00e9janos<\/strong> un mensaje en el formulario con tus datos para contactarte a la brevedad.<\/p>\n<\/div>\n<\/div>\n<p>[\/vc_column_text]<div class=\"heading-title style1 \"><div class=\"heading-title-inner\"><h3><span>Nuestra Matr\u00edz<\/span><\/h3><\/div><\/div>[vc_column_text]<\/p>\n<div class=\"wpb_text_column wpb_content_element \">\n<div class=\"wpb_wrapper\">\n<p><strong>Direcci\u00f3n<\/strong>\u00a0Palma Mexicana #101, Col. Baj\u00edo de Las Palmas. C.P. 20263<br \/>\n<strong>Tel\u00e9fono:<\/strong> <a href=\"tel:4499749292\">449 974 9292<\/a><br \/>\n<strong>Tel\u00e9fono:<\/strong> <a href=\"tel:4499749393\">449 974 9393<\/a><br \/>\n<strong>Email: <\/strong><a href=\"mailto:ventas1@tornillossanmarcos.com.mx\">ventas1@tornillossanmarcos.com.mx<\/a><\/p>\n<\/div>\n<\/div>\n<p>[\/vc_column_text]<div class=\"heading-title style1 \"><div class=\"heading-title-inner\"><h3><span>Sucursal Pabell\u00f3n<\/span><\/h3><\/div><\/div>[vc_column_text]<\/p>\n<div class=\"wpb_text_column wpb_content_element \">\n<div class=\"wpb_wrapper\">\n<p><strong>Direcci\u00f3n<\/strong> Plutarco Elias Calles #504-C Int. 1, Col Progreso<br \/>\n<strong>Tel\u00e9fono:<\/strong> <a href=\"tel:4659581011\">465 958 1011<\/a><br \/>\n<strong>Email: <\/strong><a href=\"mailto:ventas1@tornillossanmarcos.com.mx\">ventas1@tornillossanmarcos.com.mx<\/a><\/p>\n<\/div>\n<\/div>\n<p>[\/vc_column_text]<div class=\"heading-title style1 \"><div class=\"heading-title-inner\"><h3><span>Ventas en L\u00ednea<\/span><\/h3><\/div><\/div>[vc_column_text]<\/p>\n<div class=\"wpb_text_column wpb_content_element \">\n<div class=\"wpb_wrapper\">\n<p>Aclaraci\u00f3n de dudas y compras por internet:\u00a0<a href=\"tel:4499749393\">449 974 9393<\/a><br \/>\nEmail:\u00a0<a href=\"mailto:ventas5@tornillossanmarcos.com.mx\">ventas5@tornillossanmarcos.com.mx<\/a><br \/>\nHorario de Atenci\u00f3n v\u00eda telef\u00f3nica:<br \/>\nLunes a Viernes de 9 AM a 7 PM \/ S\u00e1bados de 9 AM a 2 PM<br \/>\nWhatsapp:\u00a0<a href=\"https:\/\/wa.me\/5214491115427\">449 111 5427<\/a><\/p>\n<\/div>\n<\/div>\n<p>[\/vc_column_text][\/vc_column][vc_column el_class=&#8221;contact-form&#8221; offset=&#8221;vc_col-lg-6 vc_col-md-6&#8243;]\n<div class=\"wpcf7 no-js\" id=\"wpcf7-f2934-o1\" lang=\"es-ES\" dir=\"ltr\" data-wpcf7-id=\"2934\">\n<div class=\"screen-reader-response\"><p role=\"status\" aria-live=\"polite\" aria-atomic=\"true\"><\/p> <ul><\/ul><\/div>\n<form action=\"\/inicio\/wp-json\/wp\/v2\/pages\/74#wpcf7-f2934-o1\" method=\"post\" class=\"wpcf7-form init\" aria-label=\"Formulario de contacto\" novalidate=\"novalidate\" data-status=\"init\">\n<fieldset class=\"hidden-fields-container\"><input type=\"hidden\" name=\"_wpcf7\" value=\"2934\" \/><input type=\"hidden\" name=\"_wpcf7_version\" value=\"6.1.2\" \/><input type=\"hidden\" name=\"_wpcf7_locale\" value=\"es_ES\" \/><input type=\"hidden\" name=\"_wpcf7_unit_tag\" value=\"wpcf7-f2934-o1\" \/><input type=\"hidden\" name=\"_wpcf7_container_post\" value=\"0\" \/><input type=\"hidden\" name=\"_wpcf7_posted_data_hash\" value=\"\" \/>\n<\/fieldset>\n<p>Su nombre (requerido)\n<\/p>\n<p><span class=\"wpcf7-form-control-wrap\" data-name=\"your-name\"><input size=\"40\" maxlength=\"400\" class=\"wpcf7-form-control wpcf7-text wpcf7-validates-as-required\" aria-required=\"true\" aria-invalid=\"false\" value=\"\" type=\"text\" name=\"your-name\" \/><\/span>\n<\/p>\n<p>Su e-mail (requerido)\n<\/p>\n<p><span class=\"wpcf7-form-control-wrap\" data-name=\"your-email\"><input size=\"40\" maxlength=\"400\" class=\"wpcf7-form-control wpcf7-email wpcf7-validates-as-required wpcf7-text wpcf7-validates-as-email\" aria-required=\"true\" aria-invalid=\"false\" value=\"\" type=\"email\" name=\"your-email\" \/><\/span>\n<\/p>\n<p>Asunto\n<\/p>\n<p><span class=\"wpcf7-form-control-wrap\" data-name=\"your-subject\"><input size=\"40\" maxlength=\"400\" class=\"wpcf7-form-control wpcf7-text\" aria-invalid=\"false\" value=\"\" type=\"text\" name=\"your-subject\" \/><\/span>\n<\/p>\n<p>Su mensaje\n<\/p>\n<p><span class=\"wpcf7-form-control-wrap\" data-name=\"your-message\"><textarea cols=\"40\" rows=\"10\" maxlength=\"2000\" class=\"wpcf7-form-control wpcf7-textarea\" aria-invalid=\"false\" name=\"your-message\"><\/textarea><\/span>\n<\/p>\n<p><input class=\"wpcf7-form-control wpcf7-submit has-spinner\" type=\"submit\" value=\"Enviar\" \/>\n<\/p><p style=\"display: none !important;\" class=\"akismet-fields-container\" data-prefix=\"_wpcf7_ak_\"><label>&#916;<textarea name=\"_wpcf7_ak_hp_textarea\" cols=\"45\" rows=\"8\" maxlength=\"100\"><\/textarea><\/label><input type=\"hidden\" id=\"ak_js_1\" name=\"_wpcf7_ak_js\" value=\"109\"\/><script>document.getElementById( \"ak_js_1\" ).setAttribute( \"value\", ( new Date() ).getTime() );<\/script><\/p><div class=\"wpcf7-response-output\" aria-hidden=\"true\"><\/div>\n<\/form>\n<\/div>\n[\/vc_column][\/vc_row]<\/p>\n","protected":false},"excerpt":{"rendered":"<p>[vc_row full_width=&#8221;stretch_row_content_no_spaces&#8221; css=&#8221;.vc_custom_1536559738900{margin-bottom: 60px !important;}&#8221;][vc_column][vc_gmaps link=&#8221;#E-8_JTNDaWZyYW1lJTIwc3JjJTNEJTIyaHR0cHMlM0ElMkYlMkZ3d3cuZ29vZ2xlLmNvbSUyRm1hcHMlMkZlbWJlZCUzRnBiJTNEJTIxMW0xNCUyMTFtOCUyMTFtMyUyMTFkMTQ4MTEuMTMzNDkyNTAxNDE4JTIxMmQtMTAyLjI0MDAzMyUyMTNkMjEuODY1ODklMjEzbTIlMjExaTEwMjQlMjEyaTc2OCUyMTRmMTMuMSUyMTNtMyUyMTFtMiUyMTFzMHgwJTI1M0EweGUwODczZjE1ODM1ODBjNjglMjEyc1Rvcm5pbGxvcyUyNTIwJTI1MjYlMjUyME11ZWxsZXMlMjUyMFNhbiUyNTIwTWFyY29zJTI1MjBTLkEuJTI1MjBEZSUyNTIwQy5WLiUyMTVlMCUyMTNtMiUyMTFzZXMtNDE5JTIxMnNteCUyMTR2MTU4ODYzMzc1NjUyMiUyMTVtMiUyMTFzZXMtNDE5JTIxMnNteCUyMiUyMHdpZHRoJTNEJTIyNjAwJTIyJTIwaGVpZ2h0JTNEJTIyNDUwJTIyJTIwZnJhbWVib3JkZXIlM0QlMjIwJTIyJTIwc3R5bGUlM0QlMjJib3JkZXIlM0EwJTNCJTIyJTIwYWxsb3dmdWxsc2NyZWVuJTNEJTIyJTIyJTIwYXJpYS1oaWRkZW4lM0QlMjJmYWxzZSUyMiUyMHRhYmluZGV4JTNEJTIyMCUyMiUzRSUzQyUyRmlmcmFtZSUzRQ==&#8221;][\/vc_column][\/vc_row][vc_row][vc_column el_class=&#8221;contact-text&#8221; offset=&#8221;vc_col-lg-6 vc_col-md-6&#8243;][vc_column_text] Cont\u00e1ctanos\u00a0directamente para cotizaciones o consultas, estamos para atenderte. D\u00e9janos un mensaje en el formulario con tus datos para contactarte a la brevedad. [\/vc_column_text][vc_column_text] Direcci\u00f3n\u00a0Palma Mexicana #101, Col. Baj\u00edo de Las Palmas. C.P. 20263 Tel\u00e9fono: 449 974 9292 Tel\u00e9fono: 449 974 9393<\/p>\n","protected":false},"author":1,"featured_media":0,"parent":0,"menu_order":0,"comment_status":"closed","ping_status":"closed","template":"page-templates\/contact-page.php","meta":{"_monsterinsights_skip_tracking":false,"_monsterinsights_sitenote_active":false,"_monsterinsights_sitenote_note":"","_monsterinsights_sitenote_category":0,"footnotes":""},"class_list":["post-74","page","type-page","status-publish","hentry"],"yoast_head":"<!-- This site is optimized with the Yoast SEO plugin v19.7.1 - https:\/\/yoast.com\/wordpress\/plugins\/seo\/ -->\n<title>Contacto - Tornillos y Muelles San Marcos<\/title>\n<meta name=\"robots\" content=\"index, follow, max-snippet:-1, max-image-preview:large, max-video-preview:-1\" \/>\n<link rel=\"canonical\" href=\"https:\/\/tornillossanmarcos.com.mx\/inicio\/contacto\/\" \/>\n<meta property=\"og:locale\" content=\"es_MX\" \/>\n<meta property=\"og:type\" content=\"article\" \/>\n<meta property=\"og:title\" content=\"Contacto - Tornillos y Muelles San Marcos\" \/>\n<meta property=\"og:description\" content=\"[vc_row full_width=&#8221;stretch_row_content_no_spaces&#8221; css=&#8221;.vc_custom_1536559738900{margin-bottom: 60px !important;}&#8221;][vc_column][vc_gmaps link=&#8221;#E-8_JTNDaWZyYW1lJTIwc3JjJTNEJTIyaHR0cHMlM0ElMkYlMkZ3d3cuZ29vZ2xlLmNvbSUyRm1hcHMlMkZlbWJlZCUzRnBiJTNEJTIxMW0xNCUyMTFtOCUyMTFtMyUyMTFkMTQ4MTEuMTMzNDkyNTAxNDE4JTIxMmQtMTAyLjI0MDAzMyUyMTNkMjEuODY1ODklMjEzbTIlMjExaTEwMjQlMjEyaTc2OCUyMTRmMTMuMSUyMTNtMyUyMTFtMiUyMTFzMHgwJTI1M0EweGUwODczZjE1ODM1ODBjNjglMjEyc1Rvcm5pbGxvcyUyNTIwJTI1MjYlMjUyME11ZWxsZXMlMjUyMFNhbiUyNTIwTWFyY29zJTI1MjBTLkEuJTI1MjBEZSUyNTIwQy5WLiUyMTVlMCUyMTNtMiUyMTFzZXMtNDE5JTIxMnNteCUyMTR2MTU4ODYzMzc1NjUyMiUyMTVtMiUyMTFzZXMtNDE5JTIxMnNteCUyMiUyMHdpZHRoJTNEJTIyNjAwJTIyJTIwaGVpZ2h0JTNEJTIyNDUwJTIyJTIwZnJhbWVib3JkZXIlM0QlMjIwJTIyJTIwc3R5bGUlM0QlMjJib3JkZXIlM0EwJTNCJTIyJTIwYWxsb3dmdWxsc2NyZWVuJTNEJTIyJTIyJTIwYXJpYS1oaWRkZW4lM0QlMjJmYWxzZSUyMiUyMHRhYmluZGV4JTNEJTIyMCUyMiUzRSUzQyUyRmlmcmFtZSUzRQ==&#8221;][\/vc_column][\/vc_row][vc_row][vc_column el_class=&#8221;contact-text&#8221; offset=&#8221;vc_col-lg-6 vc_col-md-6&#8243;][vc_column_text] Cont\u00e1ctanos\u00a0directamente para cotizaciones o consultas, estamos para atenderte. D\u00e9janos un mensaje en el formulario con tus datos para contactarte a la brevedad. [\/vc_column_text][vc_column_text] Direcci\u00f3n\u00a0Palma Mexicana #101, Col. Baj\u00edo de Las Palmas. C.P. 20263 Tel\u00e9fono: 449 974 9292 Tel\u00e9fono: 449 974 9393\" \/>\n<meta property=\"og:url\" content=\"https:\/\/tornillossanmarcos.com.mx\/inicio\/contacto\/\" \/>\n<meta property=\"og:site_name\" content=\"Tornillos y Muelles San Marcos\" \/>\n<meta property=\"article:publisher\" content=\"https:\/\/www.facebook.com\/TornillosSanMarcosAgs\/\" \/>\n<meta property=\"article:modified_time\" content=\"2020-05-26T19:43:34+00:00\" \/>\n<meta name=\"twitter:card\" content=\"summary\" \/>\n<meta name=\"twitter:label1\" content=\"Tiempo de lectura\" \/>\n\t<meta name=\"twitter:data1\" content=\"1 minuto\" \/>\n<script type=\"application\/ld+json\" class=\"yoast-schema-graph\">{\"@context\":\"https:\/\/schema.org\",\"@graph\":[{\"@type\":\"WebPage\",\"@id\":\"https:\/\/tornillossanmarcos.com.mx\/inicio\/contacto\/\",\"url\":\"https:\/\/tornillossanmarcos.com.mx\/inicio\/contacto\/\",\"name\":\"Contacto - Tornillos y Muelles San Marcos\",\"isPartOf\":{\"@id\":\"https:\/\/tornillossanmarcos.com.mx\/inicio\/#website\"},\"datePublished\":\"2018-08-24T01:25:26+00:00\",\"dateModified\":\"2020-05-26T19:43:34+00:00\",\"breadcrumb\":{\"@id\":\"https:\/\/tornillossanmarcos.com.mx\/inicio\/contacto\/#breadcrumb\"},\"inLanguage\":\"es\",\"potentialAction\":[{\"@type\":\"ReadAction\",\"target\":[\"https:\/\/tornillossanmarcos.com.mx\/inicio\/contacto\/\"]}]},{\"@type\":\"BreadcrumbList\",\"@id\":\"https:\/\/tornillossanmarcos.com.mx\/inicio\/contacto\/#breadcrumb\",\"itemListElement\":[{\"@type\":\"ListItem\",\"position\":1,\"name\":\"Portada\",\"item\":\"https:\/\/tornillossanmarcos.com.mx\/inicio\/\"},{\"@type\":\"ListItem\",\"position\":2,\"name\":\"Contacto\"}]},{\"@type\":\"WebSite\",\"@id\":\"https:\/\/tornillossanmarcos.com.mx\/inicio\/#website\",\"url\":\"https:\/\/tornillossanmarcos.com.mx\/inicio\/\",\"name\":\"Tornillos y Muelles San Marcos\",\"description\":\"Especialistas en Herramientas e insumos profesional MRO para la Industria\",\"publisher\":{\"@id\":\"https:\/\/tornillossanmarcos.com.mx\/inicio\/#organization\"},\"potentialAction\":[{\"@type\":\"SearchAction\",\"target\":{\"@type\":\"EntryPoint\",\"urlTemplate\":\"https:\/\/tornillossanmarcos.com.mx\/inicio\/?s={search_term_string}\"},\"query-input\":\"required name=search_term_string\"}],\"inLanguage\":\"es\"},{\"@type\":\"Organization\",\"@id\":\"https:\/\/tornillossanmarcos.com.mx\/inicio\/#organization\",\"name\":\"Tornillos y Muelles San Marcos\",\"url\":\"https:\/\/tornillossanmarcos.com.mx\/inicio\/\",\"sameAs\":[\"https:\/\/www.facebook.com\/TornillosSanMarcosAgs\/\"],\"logo\":{\"@type\":\"ImageObject\",\"inLanguage\":\"es\",\"@id\":\"https:\/\/tornillossanmarcos.com.mx\/inicio\/#\/schema\/logo\/image\/\",\"url\":\"https:\/\/tornillossanmarcos.com.mx\/inicio\/wp-content\/uploads\/2015\/06\/tornillos_san_marcos.png\",\"contentUrl\":\"https:\/\/tornillossanmarcos.com.mx\/inicio\/wp-content\/uploads\/2015\/06\/tornillos_san_marcos.png\",\"width\":200,\"height\":97,\"caption\":\"Tornillos y Muelles San Marcos\"},\"image\":{\"@id\":\"https:\/\/tornillossanmarcos.com.mx\/inicio\/#\/schema\/logo\/image\/\"}}]}<\/script>\n<!-- \/ Yoast SEO plugin. -->","yoast_head_json":{"title":"Contacto - Tornillos y Muelles San Marcos","robots":{"index":"index","follow":"follow","max-snippet":"max-snippet:-1","max-image-preview":"max-image-preview:large","max-video-preview":"max-video-preview:-1"},"canonical":"https:\/\/tornillossanmarcos.com.mx\/inicio\/contacto\/","og_locale":"es_MX","og_type":"article","og_title":"Contacto - Tornillos y Muelles San Marcos","og_description":"[vc_row full_width=&#8221;stretch_row_content_no_spaces&#8221; css=&#8221;.vc_custom_1536559738900{margin-bottom: 60px !important;}&#8221;][vc_column][vc_gmaps link=&#8221;#E-8_JTNDaWZyYW1lJTIwc3JjJTNEJTIyaHR0cHMlM0ElMkYlMkZ3d3cuZ29vZ2xlLmNvbSUyRm1hcHMlMkZlbWJlZCUzRnBiJTNEJTIxMW0xNCUyMTFtOCUyMTFtMyUyMTFkMTQ4MTEuMTMzNDkyNTAxNDE4JTIxMmQtMTAyLjI0MDAzMyUyMTNkMjEuODY1ODklMjEzbTIlMjExaTEwMjQlMjEyaTc2OCUyMTRmMTMuMSUyMTNtMyUyMTFtMiUyMTFzMHgwJTI1M0EweGUwODczZjE1ODM1ODBjNjglMjEyc1Rvcm5pbGxvcyUyNTIwJTI1MjYlMjUyME11ZWxsZXMlMjUyMFNhbiUyNTIwTWFyY29zJTI1MjBTLkEuJTI1MjBEZSUyNTIwQy5WLiUyMTVlMCUyMTNtMiUyMTFzZXMtNDE5JTIxMnNteCUyMTR2MTU4ODYzMzc1NjUyMiUyMTVtMiUyMTFzZXMtNDE5JTIxMnNteCUyMiUyMHdpZHRoJTNEJTIyNjAwJTIyJTIwaGVpZ2h0JTNEJTIyNDUwJTIyJTIwZnJhbWVib3JkZXIlM0QlMjIwJTIyJTIwc3R5bGUlM0QlMjJib3JkZXIlM0EwJTNCJTIyJTIwYWxsb3dmdWxsc2NyZWVuJTNEJTIyJTIyJTIwYXJpYS1oaWRkZW4lM0QlMjJmYWxzZSUyMiUyMHRhYmluZGV4JTNEJTIyMCUyMiUzRSUzQyUyRmlmcmFtZSUzRQ==&#8221;][\/vc_column][\/vc_row][vc_row][vc_column el_class=&#8221;contact-text&#8221; offset=&#8221;vc_col-lg-6 vc_col-md-6&#8243;][vc_column_text] Cont\u00e1ctanos\u00a0directamente para cotizaciones o consultas, estamos para atenderte. D\u00e9janos un mensaje en el formulario con tus datos para contactarte a la brevedad. [\/vc_column_text][vc_column_text] Direcci\u00f3n\u00a0Palma Mexicana #101, Col. Baj\u00edo de Las Palmas. C.P. 20263 Tel\u00e9fono: 449 974 9292 Tel\u00e9fono: 449 974 9393","og_url":"https:\/\/tornillossanmarcos.com.mx\/inicio\/contacto\/","og_site_name":"Tornillos y Muelles San Marcos","article_publisher":"https:\/\/www.facebook.com\/TornillosSanMarcosAgs\/","article_modified_time":"2020-05-26T19:43:34+00:00","twitter_card":"summary","twitter_misc":{"Tiempo de lectura":"1 minuto"},"schema":{"@context":"https:\/\/schema.org","@graph":[{"@type":"WebPage","@id":"https:\/\/tornillossanmarcos.com.mx\/inicio\/contacto\/","url":"https:\/\/tornillossanmarcos.com.mx\/inicio\/contacto\/","name":"Contacto - Tornillos y Muelles San Marcos","isPartOf":{"@id":"https:\/\/tornillossanmarcos.com.mx\/inicio\/#website"},"datePublished":"2018-08-24T01:25:26+00:00","dateModified":"2020-05-26T19:43:34+00:00","breadcrumb":{"@id":"https:\/\/tornillossanmarcos.com.mx\/inicio\/contacto\/#breadcrumb"},"inLanguage":"es","potentialAction":[{"@type":"ReadAction","target":["https:\/\/tornillossanmarcos.com.mx\/inicio\/contacto\/"]}]},{"@type":"BreadcrumbList","@id":"https:\/\/tornillossanmarcos.com.mx\/inicio\/contacto\/#breadcrumb","itemListElement":[{"@type":"ListItem","position":1,"name":"Portada","item":"https:\/\/tornillossanmarcos.com.mx\/inicio\/"},{"@type":"ListItem","position":2,"name":"Contacto"}]},{"@type":"WebSite","@id":"https:\/\/tornillossanmarcos.com.mx\/inicio\/#website","url":"https:\/\/tornillossanmarcos.com.mx\/inicio\/","name":"Tornillos y Muelles San Marcos","description":"Especialistas en Herramientas e insumos profesional MRO para la Industria","publisher":{"@id":"https:\/\/tornillossanmarcos.com.mx\/inicio\/#organization"},"potentialAction":[{"@type":"SearchAction","target":{"@type":"EntryPoint","urlTemplate":"https:\/\/tornillossanmarcos.com.mx\/inicio\/?s={search_term_string}"},"query-input":"required name=search_term_string"}],"inLanguage":"es"},{"@type":"Organization","@id":"https:\/\/tornillossanmarcos.com.mx\/inicio\/#organization","name":"Tornillos y Muelles San Marcos","url":"https:\/\/tornillossanmarcos.com.mx\/inicio\/","sameAs":["https:\/\/www.facebook.com\/TornillosSanMarcosAgs\/"],"logo":{"@type":"ImageObject","inLanguage":"es","@id":"https:\/\/tornillossanmarcos.com.mx\/inicio\/#\/schema\/logo\/image\/","url":"https:\/\/tornillossanmarcos.com.mx\/inicio\/wp-content\/uploads\/2015\/06\/tornillos_san_marcos.png","contentUrl":"https:\/\/tornillossanmarcos.com.mx\/inicio\/wp-content\/uploads\/2015\/06\/tornillos_san_marcos.png","width":200,"height":97,"caption":"Tornillos y Muelles San Marcos"},"image":{"@id":"https:\/\/tornillossanmarcos.com.mx\/inicio\/#\/schema\/logo\/image\/"}}]}},"_links":{"self":[{"href":"https:\/\/tornillossanmarcos.com.mx\/inicio\/wp-json\/wp\/v2\/pages\/74","targetHints":{"allow":["GET"]}}],"collection":[{"href":"https:\/\/tornillossanmarcos.com.mx\/inicio\/wp-json\/wp\/v2\/pages"}],"about":[{"href":"https:\/\/tornillossanmarcos.com.mx\/inicio\/wp-json\/wp\/v2\/types\/page"}],"author":[{"embeddable":true,"href":"https:\/\/tornillossanmarcos.com.mx\/inicio\/wp-json\/wp\/v2\/users\/1"}],"replies":[{"embeddable":true,"href":"https:\/\/tornillossanmarcos.com.mx\/inicio\/wp-json\/wp\/v2\/comments?post=74"}],"version-history":[{"count":5,"href":"https:\/\/tornillossanmarcos.com.mx\/inicio\/wp-json\/wp\/v2\/pages\/74\/revisions"}],"predecessor-version":[{"id":3843,"href":"https:\/\/tornillossanmarcos.com.mx\/inicio\/wp-json\/wp\/v2\/pages\/74\/revisions\/3843"}],"wp:attachment":[{"href":"https:\/\/tornillossanmarcos.com.mx\/inicio\/wp-json\/wp\/v2\/media?parent=74"}],"curies":[{"name":"wp","href":"https:\/\/api.w.org\/{rel}","templated":true}]}}