{"id":72,"date":"2018-08-24T01:24:09","date_gmt":"2018-08-24T01:24:09","guid":{"rendered":"http:\/\/192.168.1.209\/greenfarm\/?page_id=13"},"modified":"2020-07-09T14:14:42","modified_gmt":"2020-07-09T19:14:42","slug":"tornillos-y-muelles-san-marcos","status":"publish","type":"page","link":"https:\/\/tornillossanmarcos.com.mx\/inicio\/tornillos-y-muelles-san-marcos\/","title":{"rendered":"Tornillos y Muelles San Marcos"},"content":{"rendered":"<p>[vc_row el_class=&#8221;about-introduce&#8221;][vc_column][vc_single_image image=&#8221;1350&#8243; img_size=&#8221;full&#8221; alignment=&#8221;center&#8221;][vc_column_text]<\/p>\n<h1>Tornillos y Muelles San Marcos<\/h1>\n<p>Somos una empresa <strong>100% hidroc\u00e1lida<\/strong> que forma parte del conglomerado <a href=\"http:\/\/www.covamsa.com\"><strong>Comercial V\u00e1zquez<\/strong><\/a>, lo que nos permite combinar juventud con la experiencia de\u00a0<span class=\"blue\"><strong>25 a\u00f1os<\/strong>\u00a0<\/span>atendiendo las necesidades de la industria regional. Surtimos a peque\u00f1os y grandes comercios, con pedidos al mayoreo y menudeo, ofreciendo productos de marcas l\u00edderes a precios altamente competitivos.[\/vc_column_text][\/vc_column][\/vc_row][vc_row el_class=&#8221;about-what-we-do&#8221;][vc_column width=&#8221;1\/3&#8243;][vc_single_image image=&#8221;3775&#8243; img_size=&#8221;full&#8221; alignment=&#8221;center&#8221;][vc_column_text]<\/p>\n<div class=\"aio-icon-header\">\n<h4 class=\"aio-icon-title ult-responsive\" data-ultimate-target=\"#Info-box-wrap-4096 .aio-icon-title\" data-responsive-json-new=\"{&quot;font-size&quot;:&quot;&quot;,&quot;line-height&quot;:&quot;&quot;}\">SERVICIO EFICIENTE<\/h4>\n<\/div>\n<div class=\"aio-icon-description ult-responsive\" data-ultimate-target=\"#Info-box-wrap-4096 .aio-icon-description\" data-responsive-json-new=\"{&quot;font-size&quot;:&quot;&quot;,&quot;line-height&quot;:&quot;&quot;}\">Contamos con un gran equipo humano con atenci\u00f3n al detalle, con inventarios en\u00a0<strong>tornillos, muelles y herramientas<\/strong>\u00a0siempre actualizados y una infraestructura que nos permite ofrecer un servicio eficiente, atenci\u00f3n personalizada y visitas de obra con los mejores tiempos de entrega.<\/div>\n<p>[\/vc_column_text][\/vc_column][vc_column width=&#8221;1\/3&#8243;][vc_single_image image=&#8221;3776&#8243; img_size=&#8221;full&#8221; alignment=&#8221;center&#8221;][vc_column_text]<\/p>\n<div class=\"aio-icon-header\">\n<h4 class=\"aio-icon-title ult-responsive\" data-ultimate-target=\"#Info-box-wrap-4096 .aio-icon-title\" data-responsive-json-new=\"{&quot;font-size&quot;:&quot;&quot;,&quot;line-height&quot;:&quot;&quot;}\">AMPLIO INVENTARIO<\/h4>\n<\/div>\n<div class=\"aio-icon-description ult-responsive\" data-ultimate-target=\"#Info-box-wrap-4096 .aio-icon-description\" data-responsive-json-new=\"{&quot;font-size&quot;:&quot;&quot;,&quot;line-height&quot;:&quot;&quot;}\">Contamos todos los tipos de\u00a0<strong>torniller\u00eda y fijaci\u00f3n<\/strong>\u00a0en el mercado. Trabajamos para la\u00a0<strong>industria<\/strong>\u00a0automotr\u00edz, de la construcci\u00f3n, de procesamiento de alimentos o miner\u00eda. Nuestros productos se ajustan a todas las normas necesarias para los proyectos en\u00a0<strong>M\u00e9xico<\/strong>.<\/div>\n<p>[\/vc_column_text][\/vc_column][vc_column width=&#8221;1\/3&#8243;][vc_single_image image=&#8221;3777&#8243; img_size=&#8221;full&#8221; alignment=&#8221;center&#8221;][vc_column_text]<\/p>\n<div class=\"aio-icon-header\"><\/div>\n<div data-ultimate-target=\"#Info-box-wrap-4096 .aio-icon-description\" data-responsive-json-new=\"{&quot;font-size&quot;:&quot;&quot;,&quot;line-height&quot;:&quot;&quot;}\">\n<div class=\"aio-icon-header\">\n<h4 class=\"aio-icon-title ult-responsive\" data-ultimate-target=\"#Info-box-wrap-4096 .aio-icon-title\" data-responsive-json-new=\"{&quot;font-size&quot;:&quot;&quot;,&quot;line-height&quot;:&quot;&quot;}\">TODA LA REP\u00daBLICA<\/h4>\n<\/div>\n<div class=\"aio-icon-description ult-responsive\" data-ultimate-target=\"#Info-box-wrap-4096 .aio-icon-description\" data-responsive-json-new=\"{&quot;font-size&quot;:&quot;&quot;,&quot;line-height&quot;:&quot;&quot;}\">En <b>Tornillos &amp; Muelles San Marcos <\/b>contamos con una gran cobertura a lo largo del pa\u00eds as\u00ed como la log\u00edstica necesaria para tener a tiempo tu pedido. Tenemos distintos almacenes para las diferentes lineas de productos, donde se procesan los pedidos r\u00e1pidamente para que tus necesidades de\u00a0<strong>torniller\u00eda y fijaci\u00f3n<\/strong>\u00a0lleguen a tiempo y que tu linea de producci\u00f3n siga continuando sin interrupciones.<\/div>\n<\/div>\n<p>[\/vc_column_text][\/vc_column][\/vc_row][vc_row][vc_column width=&#8221;1\/2&#8243; css=&#8221;.vc_custom_1594321590564{padding-top: 45px !important;padding-right: 45px !important;padding-bottom: 45px !important;padding-left: 45px !important;}&#8221;][vc_column_text]<\/p>\n<h2 style=\"text-align: center;\"><a href=\"https:\/\/tornillossanmarcos.com.mx\/catalogoTSM1.pdf\">Descarga nuestro Cat\u00e1logo de Tornilleria y Fijaci\u00f3n<\/a><\/h2>\n<p>[\/vc_column_text][\/vc_column][vc_column width=&#8221;1\/2&#8243;][vc_column_text]<a href=\"https:\/\/tornillossanmarcos.com.mx\/catalogoTSM1.pdf\"><img fetchpriority=\"high\" decoding=\"async\" class=\"size-full wp-image-3456 aligncenter\" src=\"https:\/\/tornillossanmarcos.com.mx\/inicio\/wp-content\/uploads\/2015\/01\/descarga1.jpg\" alt=\"\" width=\"269\" height=\"199\" \/><\/a>[\/vc_column_text][\/vc_column][\/vc_row]<\/p>\n","protected":false},"excerpt":{"rendered":"<p>[vc_row el_class=&#8221;about-introduce&#8221;][vc_column][vc_single_image image=&#8221;1350&#8243; img_size=&#8221;full&#8221; alignment=&#8221;center&#8221;][vc_column_text] Tornillos y Muelles San Marcos Somos una empresa 100% hidroc\u00e1lida que forma parte del conglomerado Comercial V\u00e1zquez, lo que nos permite combinar juventud con la experiencia de\u00a025 a\u00f1os\u00a0atendiendo las necesidades de la industria regional. Surtimos a peque\u00f1os y grandes comercios, con pedidos al mayoreo y<\/p>\n","protected":false},"author":1,"featured_media":0,"parent":0,"menu_order":0,"comment_status":"closed","ping_status":"closed","template":"page-templates\/about-page.php","meta":{"_monsterinsights_skip_tracking":false,"_monsterinsights_sitenote_active":false,"_monsterinsights_sitenote_note":"","_monsterinsights_sitenote_category":0,"footnotes":""},"class_list":["post-72","page","type-page","status-publish","hentry"],"yoast_head":"<!-- This site is optimized with the Yoast SEO plugin v19.7.1 - https:\/\/yoast.com\/wordpress\/plugins\/seo\/ -->\n<title>Tornillos y Muelles San Marcos - Tornillos y Muelles San Marcos<\/title>\n<meta name=\"robots\" content=\"index, follow, max-snippet:-1, max-image-preview:large, max-video-preview:-1\" \/>\n<link rel=\"canonical\" href=\"https:\/\/tornillossanmarcos.com.mx\/inicio\/tornillos-y-muelles-san-marcos\/\" \/>\n<meta property=\"og:locale\" content=\"es_MX\" \/>\n<meta property=\"og:type\" content=\"article\" \/>\n<meta property=\"og:title\" content=\"Tornillos y Muelles San Marcos - Tornillos y Muelles San Marcos\" \/>\n<meta property=\"og:description\" content=\"[vc_row el_class=&#8221;about-introduce&#8221;][vc_column][vc_single_image image=&#8221;1350&#8243; img_size=&#8221;full&#8221; alignment=&#8221;center&#8221;][vc_column_text] Tornillos y Muelles San Marcos Somos una empresa 100% hidroc\u00e1lida que forma parte del conglomerado Comercial V\u00e1zquez, lo que nos permite combinar juventud con la experiencia de\u00a025 a\u00f1os\u00a0atendiendo las necesidades de la industria regional. Surtimos a peque\u00f1os y grandes comercios, con pedidos al mayoreo y\" \/>\n<meta property=\"og:url\" content=\"https:\/\/tornillossanmarcos.com.mx\/inicio\/tornillos-y-muelles-san-marcos\/\" \/>\n<meta property=\"og:site_name\" content=\"Tornillos y Muelles San Marcos\" \/>\n<meta property=\"article:publisher\" content=\"https:\/\/www.facebook.com\/TornillosSanMarcosAgs\/\" \/>\n<meta property=\"article:modified_time\" content=\"2020-07-09T19:14:42+00:00\" \/>\n<meta property=\"og:image\" content=\"https:\/\/tornillossanmarcos.com.mx\/inicio\/wp-content\/uploads\/2015\/01\/descarga1.jpg\" \/>\n<meta name=\"twitter:card\" content=\"summary\" \/>\n<meta name=\"twitter:label1\" content=\"Tiempo de lectura\" \/>\n\t<meta name=\"twitter:data1\" content=\"2 minutos\" \/>\n<script type=\"application\/ld+json\" class=\"yoast-schema-graph\">{\"@context\":\"https:\/\/schema.org\",\"@graph\":[{\"@type\":\"WebPage\",\"@id\":\"https:\/\/tornillossanmarcos.com.mx\/inicio\/tornillos-y-muelles-san-marcos\/\",\"url\":\"https:\/\/tornillossanmarcos.com.mx\/inicio\/tornillos-y-muelles-san-marcos\/\",\"name\":\"Tornillos y Muelles San Marcos - Tornillos y Muelles San Marcos\",\"isPartOf\":{\"@id\":\"https:\/\/tornillossanmarcos.com.mx\/inicio\/#website\"},\"datePublished\":\"2018-08-24T01:24:09+00:00\",\"dateModified\":\"2020-07-09T19:14:42+00:00\",\"breadcrumb\":{\"@id\":\"https:\/\/tornillossanmarcos.com.mx\/inicio\/tornillos-y-muelles-san-marcos\/#breadcrumb\"},\"inLanguage\":\"es\",\"potentialAction\":[{\"@type\":\"ReadAction\",\"target\":[\"https:\/\/tornillossanmarcos.com.mx\/inicio\/tornillos-y-muelles-san-marcos\/\"]}]},{\"@type\":\"BreadcrumbList\",\"@id\":\"https:\/\/tornillossanmarcos.com.mx\/inicio\/tornillos-y-muelles-san-marcos\/#breadcrumb\",\"itemListElement\":[{\"@type\":\"ListItem\",\"position\":1,\"name\":\"Portada\",\"item\":\"https:\/\/tornillossanmarcos.com.mx\/inicio\/\"},{\"@type\":\"ListItem\",\"position\":2,\"name\":\"Tornillos y Muelles San Marcos\"}]},{\"@type\":\"WebSite\",\"@id\":\"https:\/\/tornillossanmarcos.com.mx\/inicio\/#website\",\"url\":\"https:\/\/tornillossanmarcos.com.mx\/inicio\/\",\"name\":\"Tornillos y Muelles San Marcos\",\"description\":\"Especialistas en Herramientas e insumos profesional MRO para la Industria\",\"publisher\":{\"@id\":\"https:\/\/tornillossanmarcos.com.mx\/inicio\/#organization\"},\"potentialAction\":[{\"@type\":\"SearchAction\",\"target\":{\"@type\":\"EntryPoint\",\"urlTemplate\":\"https:\/\/tornillossanmarcos.com.mx\/inicio\/?s={search_term_string}\"},\"query-input\":\"required name=search_term_string\"}],\"inLanguage\":\"es\"},{\"@type\":\"Organization\",\"@id\":\"https:\/\/tornillossanmarcos.com.mx\/inicio\/#organization\",\"name\":\"Tornillos y Muelles San Marcos\",\"url\":\"https:\/\/tornillossanmarcos.com.mx\/inicio\/\",\"sameAs\":[\"https:\/\/www.facebook.com\/TornillosSanMarcosAgs\/\"],\"logo\":{\"@type\":\"ImageObject\",\"inLanguage\":\"es\",\"@id\":\"https:\/\/tornillossanmarcos.com.mx\/inicio\/#\/schema\/logo\/image\/\",\"url\":\"https:\/\/tornillossanmarcos.com.mx\/inicio\/wp-content\/uploads\/2015\/06\/tornillos_san_marcos.png\",\"contentUrl\":\"https:\/\/tornillossanmarcos.com.mx\/inicio\/wp-content\/uploads\/2015\/06\/tornillos_san_marcos.png\",\"width\":200,\"height\":97,\"caption\":\"Tornillos y Muelles San Marcos\"},\"image\":{\"@id\":\"https:\/\/tornillossanmarcos.com.mx\/inicio\/#\/schema\/logo\/image\/\"}}]}<\/script>\n<!-- \/ Yoast SEO plugin. -->","yoast_head_json":{"title":"Tornillos y Muelles San Marcos - Tornillos y Muelles San Marcos","robots":{"index":"index","follow":"follow","max-snippet":"max-snippet:-1","max-image-preview":"max-image-preview:large","max-video-preview":"max-video-preview:-1"},"canonical":"https:\/\/tornillossanmarcos.com.mx\/inicio\/tornillos-y-muelles-san-marcos\/","og_locale":"es_MX","og_type":"article","og_title":"Tornillos y Muelles San Marcos - Tornillos y Muelles San Marcos","og_description":"[vc_row el_class=&#8221;about-introduce&#8221;][vc_column][vc_single_image image=&#8221;1350&#8243; img_size=&#8221;full&#8221; alignment=&#8221;center&#8221;][vc_column_text] Tornillos y Muelles San Marcos Somos una empresa 100% hidroc\u00e1lida que forma parte del conglomerado Comercial V\u00e1zquez, lo que nos permite combinar juventud con la experiencia de\u00a025 a\u00f1os\u00a0atendiendo las necesidades de la industria regional. Surtimos a peque\u00f1os y grandes comercios, con pedidos al mayoreo y","og_url":"https:\/\/tornillossanmarcos.com.mx\/inicio\/tornillos-y-muelles-san-marcos\/","og_site_name":"Tornillos y Muelles San Marcos","article_publisher":"https:\/\/www.facebook.com\/TornillosSanMarcosAgs\/","article_modified_time":"2020-07-09T19:14:42+00:00","og_image":[{"url":"https:\/\/tornillossanmarcos.com.mx\/inicio\/wp-content\/uploads\/2015\/01\/descarga1.jpg"}],"twitter_card":"summary","twitter_misc":{"Tiempo de lectura":"2 minutos"},"schema":{"@context":"https:\/\/schema.org","@graph":[{"@type":"WebPage","@id":"https:\/\/tornillossanmarcos.com.mx\/inicio\/tornillos-y-muelles-san-marcos\/","url":"https:\/\/tornillossanmarcos.com.mx\/inicio\/tornillos-y-muelles-san-marcos\/","name":"Tornillos y Muelles San Marcos - Tornillos y Muelles San Marcos","isPartOf":{"@id":"https:\/\/tornillossanmarcos.com.mx\/inicio\/#website"},"datePublished":"2018-08-24T01:24:09+00:00","dateModified":"2020-07-09T19:14:42+00:00","breadcrumb":{"@id":"https:\/\/tornillossanmarcos.com.mx\/inicio\/tornillos-y-muelles-san-marcos\/#breadcrumb"},"inLanguage":"es","potentialAction":[{"@type":"ReadAction","target":["https:\/\/tornillossanmarcos.com.mx\/inicio\/tornillos-y-muelles-san-marcos\/"]}]},{"@type":"BreadcrumbList","@id":"https:\/\/tornillossanmarcos.com.mx\/inicio\/tornillos-y-muelles-san-marcos\/#breadcrumb","itemListElement":[{"@type":"ListItem","position":1,"name":"Portada","item":"https:\/\/tornillossanmarcos.com.mx\/inicio\/"},{"@type":"ListItem","position":2,"name":"Tornillos y Muelles San Marcos"}]},{"@type":"WebSite","@id":"https:\/\/tornillossanmarcos.com.mx\/inicio\/#website","url":"https:\/\/tornillossanmarcos.com.mx\/inicio\/","name":"Tornillos y Muelles San Marcos","description":"Especialistas en Herramientas e insumos profesional MRO para la Industria","publisher":{"@id":"https:\/\/tornillossanmarcos.com.mx\/inicio\/#organization"},"potentialAction":[{"@type":"SearchAction","target":{"@type":"EntryPoint","urlTemplate":"https:\/\/tornillossanmarcos.com.mx\/inicio\/?s={search_term_string}"},"query-input":"required name=search_term_string"}],"inLanguage":"es"},{"@type":"Organization","@id":"https:\/\/tornillossanmarcos.com.mx\/inicio\/#organization","name":"Tornillos y Muelles San Marcos","url":"https:\/\/tornillossanmarcos.com.mx\/inicio\/","sameAs":["https:\/\/www.facebook.com\/TornillosSanMarcosAgs\/"],"logo":{"@type":"ImageObject","inLanguage":"es","@id":"https:\/\/tornillossanmarcos.com.mx\/inicio\/#\/schema\/logo\/image\/","url":"https:\/\/tornillossanmarcos.com.mx\/inicio\/wp-content\/uploads\/2015\/06\/tornillos_san_marcos.png","contentUrl":"https:\/\/tornillossanmarcos.com.mx\/inicio\/wp-content\/uploads\/2015\/06\/tornillos_san_marcos.png","width":200,"height":97,"caption":"Tornillos y Muelles San Marcos"},"image":{"@id":"https:\/\/tornillossanmarcos.com.mx\/inicio\/#\/schema\/logo\/image\/"}}]}},"_links":{"self":[{"href":"https:\/\/tornillossanmarcos.com.mx\/inicio\/wp-json\/wp\/v2\/pages\/72","targetHints":{"allow":["GET"]}}],"collection":[{"href":"https:\/\/tornillossanmarcos.com.mx\/inicio\/wp-json\/wp\/v2\/pages"}],"about":[{"href":"https:\/\/tornillossanmarcos.com.mx\/inicio\/wp-json\/wp\/v2\/types\/page"}],"author":[{"embeddable":true,"href":"https:\/\/tornillossanmarcos.com.mx\/inicio\/wp-json\/wp\/v2\/users\/1"}],"replies":[{"embeddable":true,"href":"https:\/\/tornillossanmarcos.com.mx\/inicio\/wp-json\/wp\/v2\/comments?post=72"}],"version-history":[{"count":3,"href":"https:\/\/tornillossanmarcos.com.mx\/inicio\/wp-json\/wp\/v2\/pages\/72\/revisions"}],"predecessor-version":[{"id":3768,"href":"https:\/\/tornillossanmarcos.com.mx\/inicio\/wp-json\/wp\/v2\/pages\/72\/revisions\/3768"}],"wp:attachment":[{"href":"https:\/\/tornillossanmarcos.com.mx\/inicio\/wp-json\/wp\/v2\/media?parent=72"}],"curies":[{"name":"wp","href":"https:\/\/api.w.org\/{rel}","templated":true}]}}